{"id":11,"date":"2019-06-22T09:34:00","date_gmt":"2019-06-22T09:34:00","guid":{"rendered":"https:\/\/fv-bhtc1.de\/?page_id=11"},"modified":"2024-04-28T11:15:54","modified_gmt":"2024-04-28T11:15:54","slug":"sie-moechten-mitglied-werden","status":"publish","type":"page","link":"https:\/\/fv-bhtc.de\/?page_id=11","title":{"rendered":"Mitgliedschaft \/ Spenden"},"content":{"rendered":"\n<p>Dann f\u00fcllen sie noch Heute die Eintrittserkl\u00e4rung aus und senden diese uns per Post oder E-Mai zu. Sie k\u00f6nnen auch unseren Komfortablen QR Code scannen und direkt in unserer Vereinssoftware &#8220; Mein Verein&#8220; Ihre Mitgliedsdaten eingeben.<\/p>\n<a rel=\"noreferrer noopener\" href=\"https:\/\/www.fv-bhtc.de\/app\/download\/22677563\/Mitgliedsantrag+08-2018.pdf\" target=\"_blank\">                                                \n\n\n<div class=\"wp-block-file\"><a href=\"https:\/\/fv-bhtc.de\/wp-content\/uploads\/2020\/05\/Mitgliedsantrag-08-2018-1.pdf\">Mitgliedsantrag-08-2018-1<\/a><a href=\"https:\/\/fv-bhtc.de\/wp-content\/uploads\/2020\/05\/Mitgliedsantrag-08-2018-1.pdf\" class=\"wp-block-file__button wp-element-button\" download>Herunterladen<\/a><\/div>\n\n\n\n<h1 class=\"wp-block-heading\">Satzung des F\u00f6rdervereins<\/h1>\n\n\n\n<div class=\"wp-block-file\"><a href=\"https:\/\/fv-bhtc.de\/wp-content\/uploads\/2020\/05\/Satzung-des-F\u00f6rdervereins-Bietigheimer-Hockey-sucht-Freunde-web-1.pdf\">Satzung-des-F\u00f6rdervereins-Bietigheimer-Hockey-sucht-Freunde-web-1<\/a><a href=\"https:\/\/fv-bhtc.de\/wp-content\/uploads\/2020\/05\/Satzung-des-F\u00f6rdervereins-Bietigheimer-Hockey-sucht-Freunde-web-1.pdf\" class=\"wp-block-file__button wp-element-button\" download>Herunterladen<\/a><\/div>\n\n\n\n<h1 class=\"wp-block-heading\">Sie m\u00f6chten Spenden?<\/h1>\n\n\n\n<p>Kein Problem, bitte senden sie uns eine E-Mail an info@fv-bhtc.de. Wir werden Ihnen schnellst m\u00f6glich die Kontoverbindung mitteilen.<\/p>\nSie k\u00f6nnen auch unseren komfortablen QR Code scannen und unter der Rubrik F\u00f6rdern einfach Ihre Daten eingeben.<\/p>\n\n\n","protected":false},"excerpt":{"rendered":"","protected":false},"author":1,"featured_media":88,"parent":0,"menu_order":0,"comment_status":"closed","ping_status":"closed","template":"","meta":{"footnotes":""},"yoast_head":"<!-- This site is optimized with the Yoast SEO plugin v22.5 - https:\/\/yoast.com\/wordpress\/plugins\/seo\/ -->\n<title>Mitgliedschaft \/ Spenden - F\u00f6rderverein Bietigheimer HTC<\/title>\n<meta name=\"robots\" content=\"noindex, follow, max-snippet:-1, max-image-preview:large, max-video-preview:-1\" \/>\n<meta property=\"og:locale\" content=\"de_DE\" \/>\n<meta property=\"og:type\" content=\"article\" \/>\n<meta property=\"og:title\" content=\"Mitgliedschaft \/ Spenden - F\u00f6rderverein Bietigheimer HTC\" \/>\n<meta property=\"og:url\" content=\"https:\/\/fv-bhtc.de\/?page_id=11\" \/>\n<meta property=\"og:site_name\" content=\"F\u00f6rderverein Bietigheimer HTC\" \/>\n<meta property=\"article:modified_time\" content=\"2024-04-28T11:15:54+00:00\" \/>\n<meta property=\"og:image\" content=\"https:\/\/fv-bhtc.de\/wp-content\/uploads\/2024\/04\/QR-Code_Bietigheimer_Hockey_sucht_Freunde_e.V.-1.png\" \/>\n\t<meta property=\"og:image:width\" content=\"148\" \/>\n\t<meta property=\"og:image:height\" content=\"148\" \/>\n\t<meta property=\"og:image:type\" content=\"image\/png\" \/>\n<meta name=\"twitter:card\" content=\"summary_large_image\" \/>\n<meta name=\"twitter:label1\" content=\"Gesch\u00e4tzte Lesezeit\" \/>\n\t<meta name=\"twitter:data1\" content=\"1\u00a0Minute\" \/>\n<script type=\"application\/ld+json\" class=\"yoast-schema-graph\">{\"@context\":\"https:\/\/schema.org\",\"@graph\":[{\"@type\":\"WebPage\",\"@id\":\"https:\/\/fv-bhtc.de\/?page_id=11\",\"url\":\"https:\/\/fv-bhtc.de\/?page_id=11\",\"name\":\"Mitgliedschaft \/ Spenden - F\u00f6rderverein Bietigheimer HTC\",\"isPartOf\":{\"@id\":\"https:\/\/fv-bhtc.de\/#website\"},\"primaryImageOfPage\":{\"@id\":\"https:\/\/fv-bhtc.de\/?page_id=11#primaryimage\"},\"image\":{\"@id\":\"https:\/\/fv-bhtc.de\/?page_id=11#primaryimage\"},\"thumbnailUrl\":\"https:\/\/fv-bhtc.de\/wp-content\/uploads\/2024\/04\/QR-Code_Bietigheimer_Hockey_sucht_Freunde_e.V.-1.png\",\"datePublished\":\"2019-06-22T09:34:00+00:00\",\"dateModified\":\"2024-04-28T11:15:54+00:00\",\"breadcrumb\":{\"@id\":\"https:\/\/fv-bhtc.de\/?page_id=11#breadcrumb\"},\"inLanguage\":\"de\",\"potentialAction\":[{\"@type\":\"ReadAction\",\"target\":[\"https:\/\/fv-bhtc.de\/?page_id=11\"]}]},{\"@type\":\"ImageObject\",\"inLanguage\":\"de\",\"@id\":\"https:\/\/fv-bhtc.de\/?page_id=11#primaryimage\",\"url\":\"https:\/\/fv-bhtc.de\/wp-content\/uploads\/2024\/04\/QR-Code_Bietigheimer_Hockey_sucht_Freunde_e.V.-1.png\",\"contentUrl\":\"https:\/\/fv-bhtc.de\/wp-content\/uploads\/2024\/04\/QR-Code_Bietigheimer_Hockey_sucht_Freunde_e.V.-1.png\",\"width\":148,\"height\":148},{\"@type\":\"BreadcrumbList\",\"@id\":\"https:\/\/fv-bhtc.de\/?page_id=11#breadcrumb\",\"itemListElement\":[{\"@type\":\"ListItem\",\"position\":1,\"name\":\"Home\",\"item\":\"https:\/\/fv-bhtc.de\/\"},{\"@type\":\"ListItem\",\"position\":2,\"name\":\"Mitgliedschaft \/ Spenden\"}]},{\"@type\":\"WebSite\",\"@id\":\"https:\/\/fv-bhtc.de\/#website\",\"url\":\"https:\/\/fv-bhtc.de\/\",\"name\":\"F\u00f6rderverein Bietigheimer HTC\",\"description\":\"\",\"publisher\":{\"@id\":\"https:\/\/fv-bhtc.de\/#organization\"},\"potentialAction\":[{\"@type\":\"SearchAction\",\"target\":{\"@type\":\"EntryPoint\",\"urlTemplate\":\"https:\/\/fv-bhtc.de\/?s={search_term_string}\"},\"query-input\":\"required name=search_term_string\"}],\"inLanguage\":\"de\"},{\"@type\":\"Organization\",\"@id\":\"https:\/\/fv-bhtc.de\/#organization\",\"name\":\"F\u00f6rderverein Bietigheimer HTC\",\"url\":\"https:\/\/fv-bhtc.de\/\",\"logo\":{\"@type\":\"ImageObject\",\"inLanguage\":\"de\",\"@id\":\"https:\/\/fv-bhtc.de\/#\/schema\/logo\/image\/\",\"url\":\"https:\/\/fv-bhtc.de\/wp-content\/uploads\/2019\/06\/emotionheader.png\",\"contentUrl\":\"https:\/\/fv-bhtc.de\/wp-content\/uploads\/2019\/06\/emotionheader.png\",\"width\":920,\"height\":105,\"caption\":\"F\u00f6rderverein Bietigheimer HTC\"},\"image\":{\"@id\":\"https:\/\/fv-bhtc.de\/#\/schema\/logo\/image\/\"}}]}<\/script>\n<!-- \/ Yoast SEO plugin. -->","yoast_head_json":{"title":"Mitgliedschaft \/ Spenden - F\u00f6rderverein Bietigheimer HTC","robots":{"index":"noindex","follow":"follow","max-snippet":"max-snippet:-1","max-image-preview":"max-image-preview:large","max-video-preview":"max-video-preview:-1"},"og_locale":"de_DE","og_type":"article","og_title":"Mitgliedschaft \/ Spenden - F\u00f6rderverein Bietigheimer HTC","og_url":"https:\/\/fv-bhtc.de\/?page_id=11","og_site_name":"F\u00f6rderverein Bietigheimer HTC","article_modified_time":"2024-04-28T11:15:54+00:00","og_image":[{"width":148,"height":148,"url":"https:\/\/fv-bhtc.de\/wp-content\/uploads\/2024\/04\/QR-Code_Bietigheimer_Hockey_sucht_Freunde_e.V.-1.png","type":"image\/png"}],"twitter_card":"summary_large_image","twitter_misc":{"Gesch\u00e4tzte Lesezeit":"1\u00a0Minute"},"schema":{"@context":"https:\/\/schema.org","@graph":[{"@type":"WebPage","@id":"https:\/\/fv-bhtc.de\/?page_id=11","url":"https:\/\/fv-bhtc.de\/?page_id=11","name":"Mitgliedschaft \/ Spenden - F\u00f6rderverein Bietigheimer HTC","isPartOf":{"@id":"https:\/\/fv-bhtc.de\/#website"},"primaryImageOfPage":{"@id":"https:\/\/fv-bhtc.de\/?page_id=11#primaryimage"},"image":{"@id":"https:\/\/fv-bhtc.de\/?page_id=11#primaryimage"},"thumbnailUrl":"https:\/\/fv-bhtc.de\/wp-content\/uploads\/2024\/04\/QR-Code_Bietigheimer_Hockey_sucht_Freunde_e.V.-1.png","datePublished":"2019-06-22T09:34:00+00:00","dateModified":"2024-04-28T11:15:54+00:00","breadcrumb":{"@id":"https:\/\/fv-bhtc.de\/?page_id=11#breadcrumb"},"inLanguage":"de","potentialAction":[{"@type":"ReadAction","target":["https:\/\/fv-bhtc.de\/?page_id=11"]}]},{"@type":"ImageObject","inLanguage":"de","@id":"https:\/\/fv-bhtc.de\/?page_id=11#primaryimage","url":"https:\/\/fv-bhtc.de\/wp-content\/uploads\/2024\/04\/QR-Code_Bietigheimer_Hockey_sucht_Freunde_e.V.-1.png","contentUrl":"https:\/\/fv-bhtc.de\/wp-content\/uploads\/2024\/04\/QR-Code_Bietigheimer_Hockey_sucht_Freunde_e.V.-1.png","width":148,"height":148},{"@type":"BreadcrumbList","@id":"https:\/\/fv-bhtc.de\/?page_id=11#breadcrumb","itemListElement":[{"@type":"ListItem","position":1,"name":"Home","item":"https:\/\/fv-bhtc.de\/"},{"@type":"ListItem","position":2,"name":"Mitgliedschaft \/ Spenden"}]},{"@type":"WebSite","@id":"https:\/\/fv-bhtc.de\/#website","url":"https:\/\/fv-bhtc.de\/","name":"F\u00f6rderverein Bietigheimer HTC","description":"","publisher":{"@id":"https:\/\/fv-bhtc.de\/#organization"},"potentialAction":[{"@type":"SearchAction","target":{"@type":"EntryPoint","urlTemplate":"https:\/\/fv-bhtc.de\/?s={search_term_string}"},"query-input":"required name=search_term_string"}],"inLanguage":"de"},{"@type":"Organization","@id":"https:\/\/fv-bhtc.de\/#organization","name":"F\u00f6rderverein Bietigheimer HTC","url":"https:\/\/fv-bhtc.de\/","logo":{"@type":"ImageObject","inLanguage":"de","@id":"https:\/\/fv-bhtc.de\/#\/schema\/logo\/image\/","url":"https:\/\/fv-bhtc.de\/wp-content\/uploads\/2019\/06\/emotionheader.png","contentUrl":"https:\/\/fv-bhtc.de\/wp-content\/uploads\/2019\/06\/emotionheader.png","width":920,"height":105,"caption":"F\u00f6rderverein Bietigheimer HTC"},"image":{"@id":"https:\/\/fv-bhtc.de\/#\/schema\/logo\/image\/"}}]}},"_links":{"self":[{"href":"https:\/\/fv-bhtc.de\/index.php?rest_route=\/wp\/v2\/pages\/11"}],"collection":[{"href":"https:\/\/fv-bhtc.de\/index.php?rest_route=\/wp\/v2\/pages"}],"about":[{"href":"https:\/\/fv-bhtc.de\/index.php?rest_route=\/wp\/v2\/types\/page"}],"author":[{"embeddable":true,"href":"https:\/\/fv-bhtc.de\/index.php?rest_route=\/wp\/v2\/users\/1"}],"replies":[{"embeddable":true,"href":"https:\/\/fv-bhtc.de\/index.php?rest_route=%2Fwp%2Fv2%2Fcomments&post=11"}],"version-history":[{"count":14,"href":"https:\/\/fv-bhtc.de\/index.php?rest_route=\/wp\/v2\/pages\/11\/revisions"}],"predecessor-version":[{"id":94,"href":"https:\/\/fv-bhtc.de\/index.php?rest_route=\/wp\/v2\/pages\/11\/revisions\/94"}],"wp:featuredmedia":[{"embeddable":true,"href":"https:\/\/fv-bhtc.de\/index.php?rest_route=\/wp\/v2\/media\/88"}],"wp:attachment":[{"href":"https:\/\/fv-bhtc.de\/index.php?rest_route=%2Fwp%2Fv2%2Fmedia&parent=11"}],"curies":[{"name":"wp","href":"https:\/\/api.w.org\/{rel}","templated":true}]}}